{"id":10,"date":"2018-10-04T16:25:58","date_gmt":"2018-10-04T19:25:58","guid":{"rendered":"http:\/\/fincalargentina.com.ar\/?page_id=10"},"modified":"2018-12-16T18:54:37","modified_gmt":"2018-12-16T21:54:37","slug":"contacto","status":"publish","type":"page","link":"https:\/\/fincalargentina.com.ar\/?page_id=10","title":{"rendered":"Contacto"},"content":{"rendered":"<p><em>&#8220;Un tiempo para\u00a0 el encuentro,\u00a0<\/em><em>para el disfrute, para el descanso\u201d<\/em><\/p>\n<p><strong> Direcci\u00f3n<\/strong><\/p>\n<p>Calle La Argentina. Tunuy\u00e1n. Mendoza. ARGENTINA<\/p>\n<p><b>Tel\u00e9fono<\/b><\/p>\n<p>0054 261 (15) 5605714<\/p>\n<p><strong>Mail:<\/strong><\/p>\n<p>fincalargentina@gmail.com<\/p>\n<p><a href=\"https:\/\/www.airbnb.com.ar\/rooms\/28962868?location=Tunuy%C3%A1n%2C%20Mendoza&amp;adults=2&amp;guests=1&amp;toddlers=0&amp;check_in=2018-12-27&amp;check_out=2018-12-29&amp;s=fjhgq-tZ\" target=\"_blank\" rel=\"noopener\">Airbnb<\/a><\/p>\n","protected":false},"excerpt":{"rendered":"<p>&#8220;Un tiempo para\u00a0 el encuentro,\u00a0para el disfrute, para el descanso\u201d Direcci\u00f3n Calle La Argentina. Tunuy\u00e1n. Mendoza. ARGENTINA Tel\u00e9fono 0054 261 (15) 5605714 Mail: fincalargentina@gmail.com Airbnb<\/p>\n","protected":false},"author":1,"featured_media":0,"parent":0,"menu_order":0,"comment_status":"closed","ping_status":"closed","template":"","meta":{"_eb_attr":"","_monsterinsights_skip_tracking":false,"_monsterinsights_sitenote_active":false,"_monsterinsights_sitenote_note":"","_monsterinsights_sitenote_category":0},"yoast_head":"<!-- This site is optimized with the Yoast SEO plugin v21.0 - https:\/\/yoast.com\/wordpress\/plugins\/seo\/ -->\n<title>Contacto - Finca La Argentina<\/title>\n<meta name=\"robots\" content=\"index, follow, max-snippet:-1, max-image-preview:large, max-video-preview:-1\" \/>\n<link rel=\"canonical\" href=\"https:\/\/fincalargentina.com.ar\/?page_id=10\" \/>\n<meta property=\"og:locale\" content=\"es_ES\" \/>\n<meta property=\"og:type\" content=\"article\" \/>\n<meta property=\"og:title\" content=\"Contacto - Finca La Argentina\" \/>\n<meta property=\"og:description\" content=\"&#8220;Un tiempo para\u00a0 el encuentro,\u00a0para el disfrute, para el descanso\u201d Direcci\u00f3n Calle La Argentina. Tunuy\u00e1n. Mendoza. ARGENTINA Tel\u00e9fono 0054 261 (15) 5605714 Mail: fincalargentina@gmail.com Airbnb\" \/>\n<meta property=\"og:url\" content=\"https:\/\/fincalargentina.com.ar\/?page_id=10\" \/>\n<meta property=\"og:site_name\" content=\"Finca La Argentina\" \/>\n<meta property=\"article:modified_time\" content=\"2018-12-16T21:54:37+00:00\" \/>\n<meta name=\"twitter:card\" content=\"summary_large_image\" \/>\n<script type=\"application\/ld+json\" class=\"yoast-schema-graph\">{\"@context\":\"https:\/\/schema.org\",\"@graph\":[{\"@type\":\"WebPage\",\"@id\":\"https:\/\/fincalargentina.com.ar\/?page_id=10\",\"url\":\"https:\/\/fincalargentina.com.ar\/?page_id=10\",\"name\":\"Contacto - Finca La Argentina\",\"isPartOf\":{\"@id\":\"https:\/\/fincalargentina.com.ar\/#website\"},\"datePublished\":\"2018-10-04T19:25:58+00:00\",\"dateModified\":\"2018-12-16T21:54:37+00:00\",\"breadcrumb\":{\"@id\":\"https:\/\/fincalargentina.com.ar\/?page_id=10#breadcrumb\"},\"inLanguage\":\"es-AR\",\"potentialAction\":[{\"@type\":\"ReadAction\",\"target\":[\"https:\/\/fincalargentina.com.ar\/?page_id=10\"]}]},{\"@type\":\"BreadcrumbList\",\"@id\":\"https:\/\/fincalargentina.com.ar\/?page_id=10#breadcrumb\",\"itemListElement\":[{\"@type\":\"ListItem\",\"position\":1,\"name\":\"Inicio\",\"item\":\"https:\/\/fincalargentina.com.ar\/\"},{\"@type\":\"ListItem\",\"position\":2,\"name\":\"Contacto\"}]},{\"@type\":\"WebSite\",\"@id\":\"https:\/\/fincalargentina.com.ar\/#website\",\"url\":\"https:\/\/fincalargentina.com.ar\/\",\"name\":\"Finca La Argentina\",\"description\":\"Un destino, el Valle de Uco\",\"publisher\":{\"@id\":\"https:\/\/fincalargentina.com.ar\/#organization\"},\"potentialAction\":[{\"@type\":\"SearchAction\",\"target\":{\"@type\":\"EntryPoint\",\"urlTemplate\":\"https:\/\/fincalargentina.com.ar\/?s={search_term_string}\"},\"query-input\":\"required name=search_term_string\"}],\"inLanguage\":\"es-AR\"},{\"@type\":\"Organization\",\"@id\":\"https:\/\/fincalargentina.com.ar\/#organization\",\"name\":\"Finca La Argentina\",\"url\":\"https:\/\/fincalargentina.com.ar\/\",\"logo\":{\"@type\":\"ImageObject\",\"inLanguage\":\"es-AR\",\"@id\":\"https:\/\/fincalargentina.com.ar\/#\/schema\/logo\/image\/\",\"url\":\"https:\/\/fincalargentina.com.ar\/wp-content\/uploads\/2018\/10\/cropped-FLAWht-2.png\",\"contentUrl\":\"https:\/\/fincalargentina.com.ar\/wp-content\/uploads\/2018\/10\/cropped-FLAWht-2.png\",\"width\":250,\"height\":250,\"caption\":\"Finca La Argentina\"},\"image\":{\"@id\":\"https:\/\/fincalargentina.com.ar\/#\/schema\/logo\/image\/\"}}]}<\/script>\n<!-- \/ Yoast SEO plugin. -->","yoast_head_json":{"title":"Contacto - Finca La Argentina","robots":{"index":"index","follow":"follow","max-snippet":"max-snippet:-1","max-image-preview":"max-image-preview:large","max-video-preview":"max-video-preview:-1"},"canonical":"https:\/\/fincalargentina.com.ar\/?page_id=10","og_locale":"es_ES","og_type":"article","og_title":"Contacto - Finca La Argentina","og_description":"&#8220;Un tiempo para\u00a0 el encuentro,\u00a0para el disfrute, para el descanso\u201d Direcci\u00f3n Calle La Argentina. Tunuy\u00e1n. Mendoza. ARGENTINA Tel\u00e9fono 0054 261 (15) 5605714 Mail: fincalargentina@gmail.com Airbnb","og_url":"https:\/\/fincalargentina.com.ar\/?page_id=10","og_site_name":"Finca La Argentina","article_modified_time":"2018-12-16T21:54:37+00:00","twitter_card":"summary_large_image","schema":{"@context":"https:\/\/schema.org","@graph":[{"@type":"WebPage","@id":"https:\/\/fincalargentina.com.ar\/?page_id=10","url":"https:\/\/fincalargentina.com.ar\/?page_id=10","name":"Contacto - Finca La Argentina","isPartOf":{"@id":"https:\/\/fincalargentina.com.ar\/#website"},"datePublished":"2018-10-04T19:25:58+00:00","dateModified":"2018-12-16T21:54:37+00:00","breadcrumb":{"@id":"https:\/\/fincalargentina.com.ar\/?page_id=10#breadcrumb"},"inLanguage":"es-AR","potentialAction":[{"@type":"ReadAction","target":["https:\/\/fincalargentina.com.ar\/?page_id=10"]}]},{"@type":"BreadcrumbList","@id":"https:\/\/fincalargentina.com.ar\/?page_id=10#breadcrumb","itemListElement":[{"@type":"ListItem","position":1,"name":"Inicio","item":"https:\/\/fincalargentina.com.ar\/"},{"@type":"ListItem","position":2,"name":"Contacto"}]},{"@type":"WebSite","@id":"https:\/\/fincalargentina.com.ar\/#website","url":"https:\/\/fincalargentina.com.ar\/","name":"Finca La Argentina","description":"Un destino, el Valle de Uco","publisher":{"@id":"https:\/\/fincalargentina.com.ar\/#organization"},"potentialAction":[{"@type":"SearchAction","target":{"@type":"EntryPoint","urlTemplate":"https:\/\/fincalargentina.com.ar\/?s={search_term_string}"},"query-input":"required name=search_term_string"}],"inLanguage":"es-AR"},{"@type":"Organization","@id":"https:\/\/fincalargentina.com.ar\/#organization","name":"Finca La Argentina","url":"https:\/\/fincalargentina.com.ar\/","logo":{"@type":"ImageObject","inLanguage":"es-AR","@id":"https:\/\/fincalargentina.com.ar\/#\/schema\/logo\/image\/","url":"https:\/\/fincalargentina.com.ar\/wp-content\/uploads\/2018\/10\/cropped-FLAWht-2.png","contentUrl":"https:\/\/fincalargentina.com.ar\/wp-content\/uploads\/2018\/10\/cropped-FLAWht-2.png","width":250,"height":250,"caption":"Finca La Argentina"},"image":{"@id":"https:\/\/fincalargentina.com.ar\/#\/schema\/logo\/image\/"}}]}},"_links":{"self":[{"href":"https:\/\/fincalargentina.com.ar\/index.php?rest_route=\/wp\/v2\/pages\/10"}],"collection":[{"href":"https:\/\/fincalargentina.com.ar\/index.php?rest_route=\/wp\/v2\/pages"}],"about":[{"href":"https:\/\/fincalargentina.com.ar\/index.php?rest_route=\/wp\/v2\/types\/page"}],"author":[{"embeddable":true,"href":"https:\/\/fincalargentina.com.ar\/index.php?rest_route=\/wp\/v2\/users\/1"}],"replies":[{"embeddable":true,"href":"https:\/\/fincalargentina.com.ar\/index.php?rest_route=%2Fwp%2Fv2%2Fcomments&post=10"}],"version-history":[{"count":6,"href":"https:\/\/fincalargentina.com.ar\/index.php?rest_route=\/wp\/v2\/pages\/10\/revisions"}],"predecessor-version":[{"id":108,"href":"https:\/\/fincalargentina.com.ar\/index.php?rest_route=\/wp\/v2\/pages\/10\/revisions\/108"}],"wp:attachment":[{"href":"https:\/\/fincalargentina.com.ar\/index.php?rest_route=%2Fwp%2Fv2%2Fmedia&parent=10"}],"curies":[{"name":"wp","href":"https:\/\/api.w.org\/{rel}","templated":true}]}}