{"id":113,"date":"2020-07-20T13:07:57","date_gmt":"2020-07-20T16:07:57","guid":{"rendered":"http:\/\/fincalargentina.com.ar\/?page_id=113"},"modified":"2023-08-24T22:25:59","modified_gmt":"2023-08-25T01:25:59","slug":"servicios-2","status":"publish","type":"page","link":"https:\/\/fincalargentina.com.ar\/?page_id=113","title":{"rendered":"Servicios"},"content":{"rendered":"<p><strong>\u00bfQu\u00e9 servicios ofrecemos?<\/strong><\/p>\n<ul>\n<li>Internet Wifi.<\/li>\n<li>Direct TV.<\/li>\n<li>Ropa de cama, toallas y toallones.<\/li>\n<li>Todos los art\u00edculos de higiene personal: jab\u00f3n, shampoo, enjuague, papel higi\u00e9nico. Secador de pelo.<\/li>\n<li>Cocina completa: variados elementos de cocina para quienes gusten elaborar sus comidas:\u00a0 ollas, sartenes, horno, vajilla, cubiertos, copas, etc.<\/li>\n<li>Disponemos de pileta para el verano con vista a la inmensa Cordillera de Los Andes.<\/li>\n<\/ul>\n<p><strong style=\"font-size: 1rem;\">\u00a0Servicios Opcionales recomendadas:<\/strong><\/p>\n<ul>\n<li>Servicio de limpieza<\/li>\n<li>Bicicletas<\/li>\n<li>Cabalgatas cercanas<\/li>\n<\/ul>\n","protected":false},"excerpt":{"rendered":"<p>\u00bfQu\u00e9 servicios ofrecemos? Internet Wifi. Direct TV. Ropa de cama, toallas y toallones. Todos los art\u00edculos de higiene personal: jab\u00f3n, shampoo, enjuague, papel higi\u00e9nico. Secador de pelo. Cocina completa: variados elementos de cocina para quienes gusten elaborar sus comidas:\u00a0 ollas, sartenes, horno, vajilla, cubiertos, copas, etc. Disponemos de pileta para el verano con vista a &hellip; <\/p>\n<p class=\"link-more\"><a href=\"https:\/\/fincalargentina.com.ar\/?page_id=113\" class=\"more-link\">Segu\u00ed leyendo<span class=\"screen-reader-text\"> &#8220;Servicios&#8221;<\/span><\/a><\/p>\n","protected":false},"author":1,"featured_media":0,"parent":0,"menu_order":0,"comment_status":"closed","ping_status":"closed","template":"","meta":{"_eb_attr":"","_monsterinsights_skip_tracking":false,"_monsterinsights_sitenote_active":false,"_monsterinsights_sitenote_note":"","_monsterinsights_sitenote_category":0},"yoast_head":"<!-- This site is optimized with the Yoast SEO plugin v21.0 - https:\/\/yoast.com\/wordpress\/plugins\/seo\/ -->\n<title>Servicios - Finca La Argentina<\/title>\n<meta name=\"robots\" content=\"index, follow, max-snippet:-1, max-image-preview:large, max-video-preview:-1\" \/>\n<link rel=\"canonical\" href=\"https:\/\/fincalargentina.com.ar\/?page_id=113\" \/>\n<meta property=\"og:locale\" content=\"es_ES\" \/>\n<meta property=\"og:type\" content=\"article\" \/>\n<meta property=\"og:title\" content=\"Servicios - Finca La Argentina\" \/>\n<meta property=\"og:description\" content=\"\u00bfQu\u00e9 servicios ofrecemos? Internet Wifi. Direct TV. Ropa de cama, toallas y toallones. Todos los art\u00edculos de higiene personal: jab\u00f3n, shampoo, enjuague, papel higi\u00e9nico. Secador de pelo. Cocina completa: variados elementos de cocina para quienes gusten elaborar sus comidas:\u00a0 ollas, sartenes, horno, vajilla, cubiertos, copas, etc. Disponemos de pileta para el verano con vista a &hellip; Segu\u00ed leyendo &quot;Servicios&quot;\" \/>\n<meta property=\"og:url\" content=\"https:\/\/fincalargentina.com.ar\/?page_id=113\" \/>\n<meta property=\"og:site_name\" content=\"Finca La Argentina\" \/>\n<meta property=\"article:modified_time\" content=\"2023-08-25T01:25:59+00:00\" \/>\n<meta name=\"twitter:card\" content=\"summary_large_image\" \/>\n<meta name=\"twitter:label1\" content=\"Tiempo de lectura\" \/>\n\t<meta name=\"twitter:data1\" content=\"1 minuto\" \/>\n<script type=\"application\/ld+json\" class=\"yoast-schema-graph\">{\"@context\":\"https:\/\/schema.org\",\"@graph\":[{\"@type\":\"WebPage\",\"@id\":\"https:\/\/fincalargentina.com.ar\/?page_id=113\",\"url\":\"https:\/\/fincalargentina.com.ar\/?page_id=113\",\"name\":\"Servicios - Finca La Argentina\",\"isPartOf\":{\"@id\":\"https:\/\/fincalargentina.com.ar\/#website\"},\"datePublished\":\"2020-07-20T16:07:57+00:00\",\"dateModified\":\"2023-08-25T01:25:59+00:00\",\"breadcrumb\":{\"@id\":\"https:\/\/fincalargentina.com.ar\/?page_id=113#breadcrumb\"},\"inLanguage\":\"es-AR\",\"potentialAction\":[{\"@type\":\"ReadAction\",\"target\":[\"https:\/\/fincalargentina.com.ar\/?page_id=113\"]}]},{\"@type\":\"BreadcrumbList\",\"@id\":\"https:\/\/fincalargentina.com.ar\/?page_id=113#breadcrumb\",\"itemListElement\":[{\"@type\":\"ListItem\",\"position\":1,\"name\":\"Inicio\",\"item\":\"https:\/\/fincalargentina.com.ar\/\"},{\"@type\":\"ListItem\",\"position\":2,\"name\":\"Servicios\"}]},{\"@type\":\"WebSite\",\"@id\":\"https:\/\/fincalargentina.com.ar\/#website\",\"url\":\"https:\/\/fincalargentina.com.ar\/\",\"name\":\"Finca La Argentina\",\"description\":\"Un destino, el Valle de Uco\",\"publisher\":{\"@id\":\"https:\/\/fincalargentina.com.ar\/#organization\"},\"potentialAction\":[{\"@type\":\"SearchAction\",\"target\":{\"@type\":\"EntryPoint\",\"urlTemplate\":\"https:\/\/fincalargentina.com.ar\/?s={search_term_string}\"},\"query-input\":\"required name=search_term_string\"}],\"inLanguage\":\"es-AR\"},{\"@type\":\"Organization\",\"@id\":\"https:\/\/fincalargentina.com.ar\/#organization\",\"name\":\"Finca La Argentina\",\"url\":\"https:\/\/fincalargentina.com.ar\/\",\"logo\":{\"@type\":\"ImageObject\",\"inLanguage\":\"es-AR\",\"@id\":\"https:\/\/fincalargentina.com.ar\/#\/schema\/logo\/image\/\",\"url\":\"https:\/\/fincalargentina.com.ar\/wp-content\/uploads\/2018\/10\/cropped-FLAWht-2.png\",\"contentUrl\":\"https:\/\/fincalargentina.com.ar\/wp-content\/uploads\/2018\/10\/cropped-FLAWht-2.png\",\"width\":250,\"height\":250,\"caption\":\"Finca La Argentina\"},\"image\":{\"@id\":\"https:\/\/fincalargentina.com.ar\/#\/schema\/logo\/image\/\"}}]}<\/script>\n<!-- \/ Yoast SEO plugin. -->","yoast_head_json":{"title":"Servicios - Finca La Argentina","robots":{"index":"index","follow":"follow","max-snippet":"max-snippet:-1","max-image-preview":"max-image-preview:large","max-video-preview":"max-video-preview:-1"},"canonical":"https:\/\/fincalargentina.com.ar\/?page_id=113","og_locale":"es_ES","og_type":"article","og_title":"Servicios - Finca La Argentina","og_description":"\u00bfQu\u00e9 servicios ofrecemos? Internet Wifi. Direct TV. Ropa de cama, toallas y toallones. Todos los art\u00edculos de higiene personal: jab\u00f3n, shampoo, enjuague, papel higi\u00e9nico. Secador de pelo. Cocina completa: variados elementos de cocina para quienes gusten elaborar sus comidas:\u00a0 ollas, sartenes, horno, vajilla, cubiertos, copas, etc. Disponemos de pileta para el verano con vista a &hellip; Segu\u00ed leyendo \"Servicios\"","og_url":"https:\/\/fincalargentina.com.ar\/?page_id=113","og_site_name":"Finca La Argentina","article_modified_time":"2023-08-25T01:25:59+00:00","twitter_card":"summary_large_image","twitter_misc":{"Tiempo de lectura":"1 minuto"},"schema":{"@context":"https:\/\/schema.org","@graph":[{"@type":"WebPage","@id":"https:\/\/fincalargentina.com.ar\/?page_id=113","url":"https:\/\/fincalargentina.com.ar\/?page_id=113","name":"Servicios - Finca La Argentina","isPartOf":{"@id":"https:\/\/fincalargentina.com.ar\/#website"},"datePublished":"2020-07-20T16:07:57+00:00","dateModified":"2023-08-25T01:25:59+00:00","breadcrumb":{"@id":"https:\/\/fincalargentina.com.ar\/?page_id=113#breadcrumb"},"inLanguage":"es-AR","potentialAction":[{"@type":"ReadAction","target":["https:\/\/fincalargentina.com.ar\/?page_id=113"]}]},{"@type":"BreadcrumbList","@id":"https:\/\/fincalargentina.com.ar\/?page_id=113#breadcrumb","itemListElement":[{"@type":"ListItem","position":1,"name":"Inicio","item":"https:\/\/fincalargentina.com.ar\/"},{"@type":"ListItem","position":2,"name":"Servicios"}]},{"@type":"WebSite","@id":"https:\/\/fincalargentina.com.ar\/#website","url":"https:\/\/fincalargentina.com.ar\/","name":"Finca La Argentina","description":"Un destino, el Valle de Uco","publisher":{"@id":"https:\/\/fincalargentina.com.ar\/#organization"},"potentialAction":[{"@type":"SearchAction","target":{"@type":"EntryPoint","urlTemplate":"https:\/\/fincalargentina.com.ar\/?s={search_term_string}"},"query-input":"required name=search_term_string"}],"inLanguage":"es-AR"},{"@type":"Organization","@id":"https:\/\/fincalargentina.com.ar\/#organization","name":"Finca La Argentina","url":"https:\/\/fincalargentina.com.ar\/","logo":{"@type":"ImageObject","inLanguage":"es-AR","@id":"https:\/\/fincalargentina.com.ar\/#\/schema\/logo\/image\/","url":"https:\/\/fincalargentina.com.ar\/wp-content\/uploads\/2018\/10\/cropped-FLAWht-2.png","contentUrl":"https:\/\/fincalargentina.com.ar\/wp-content\/uploads\/2018\/10\/cropped-FLAWht-2.png","width":250,"height":250,"caption":"Finca La Argentina"},"image":{"@id":"https:\/\/fincalargentina.com.ar\/#\/schema\/logo\/image\/"}}]}},"_links":{"self":[{"href":"https:\/\/fincalargentina.com.ar\/index.php?rest_route=\/wp\/v2\/pages\/113"}],"collection":[{"href":"https:\/\/fincalargentina.com.ar\/index.php?rest_route=\/wp\/v2\/pages"}],"about":[{"href":"https:\/\/fincalargentina.com.ar\/index.php?rest_route=\/wp\/v2\/types\/page"}],"author":[{"embeddable":true,"href":"https:\/\/fincalargentina.com.ar\/index.php?rest_route=\/wp\/v2\/users\/1"}],"replies":[{"embeddable":true,"href":"https:\/\/fincalargentina.com.ar\/index.php?rest_route=%2Fwp%2Fv2%2Fcomments&post=113"}],"version-history":[{"count":17,"href":"https:\/\/fincalargentina.com.ar\/index.php?rest_route=\/wp\/v2\/pages\/113\/revisions"}],"predecessor-version":[{"id":282,"href":"https:\/\/fincalargentina.com.ar\/index.php?rest_route=\/wp\/v2\/pages\/113\/revisions\/282"}],"wp:attachment":[{"href":"https:\/\/fincalargentina.com.ar\/index.php?rest_route=%2Fwp%2Fv2%2Fmedia&parent=113"}],"curies":[{"name":"wp","href":"https:\/\/api.w.org\/{rel}","templated":true}]}}