{"id":211,"date":"2021-02-08T13:10:48","date_gmt":"2021-02-08T16:10:48","guid":{"rendered":"http:\/\/fincalargentina.com.ar\/?page_id=211"},"modified":"2024-03-11T11:08:32","modified_gmt":"2024-03-11T14:08:32","slug":"el-entorno","status":"publish","type":"page","link":"https:\/\/fincalargentina.com.ar\/?page_id=211","title":{"rendered":"El Entorno"},"content":{"rendered":"<p>En Finca La Argentina ofrecemos variedad de opciones para conectar con la naturaleza, con los ciclos de la vida entre acequias, parques, rincones de vegetaci\u00f3n con m\u00e1s de cien especies y el cantar de decenas de p\u00e1jaros para descansar y relajarse.\u00a0<\/p>\n<p>Adem\u00e1s pod\u00e9s vivenciar la experiencia de cosechar en nuestra huerta org\u00e1nica y ser parte del proceso, seg\u00fan la \u00e9poca del a\u00f1o.<\/p>\n<p>Tambi\u00e9n disponemos bajada al Arroyo Salas Caroca, en su estado natural, para disfrutar de la frescura de agua bajando de las monta\u00f1as.\u00a0<\/p>\n<p>Si te gusta andar en bicicleta, podes recorrer las calles de Colonia las Rosas a trav\u00e9s de sus bici sendas.<\/p>\n<p>Y si ven\u00eds en verano, disfrutar de la pileta con unos atardeceres incre\u00edbles, con el sol escondi\u00e9ndose en las monta\u00f1as.<\/p>\n<p>\u00a0<\/p>\n\n\n<figure class=\"is-layout-flex wp-block-gallery-1 wp-block-gallery has-nested-images columns-default is-cropped\">\n<figure class=\"wp-block-image size-large\"><img fetchpriority=\"high\" decoding=\"async\" width=\"576\" height=\"1024\" data-id=\"298\"  src=\"https:\/\/fincalargentina.com.ar\/wp-content\/uploads\/2024\/03\/bicisenda-576x1024.jpeg\" alt=\"\" class=\"wp-image-298\" srcset=\"https:\/\/fincalargentina.com.ar\/wp-content\/uploads\/2024\/03\/bicisenda-576x1024.jpeg 576w, https:\/\/fincalargentina.com.ar\/wp-content\/uploads\/2024\/03\/bicisenda-169x300.jpeg 169w, https:\/\/fincalargentina.com.ar\/wp-content\/uploads\/2024\/03\/bicisenda-768x1366.jpeg 768w, https:\/\/fincalargentina.com.ar\/wp-content\/uploads\/2024\/03\/bicisenda-864x1536.jpeg 864w, https:\/\/fincalargentina.com.ar\/wp-content\/uploads\/2024\/03\/bicisenda.jpeg 899w\" sizes=\"(max-width: 576px) 100vw, 576px\" \/><figcaption class=\"wp-element-caption\">Bici senda<\/figcaption><\/figure>\n\n\n\n<figure class=\"wp-block-image size-large\"><img decoding=\"async\" width=\"768\" height=\"1024\" data-id=\"297\"  src=\"https:\/\/fincalargentina.com.ar\/wp-content\/uploads\/2024\/03\/pileta-768x1024.jpeg\" alt=\"\" class=\"wp-image-297\" srcset=\"https:\/\/fincalargentina.com.ar\/wp-content\/uploads\/2024\/03\/pileta-768x1024.jpeg 768w, https:\/\/fincalargentina.com.ar\/wp-content\/uploads\/2024\/03\/pileta-225x300.jpeg 225w, https:\/\/fincalargentina.com.ar\/wp-content\/uploads\/2024\/03\/pileta.jpeg 960w\" sizes=\"(max-width: 767px) 89vw, (max-width: 1000px) 54vw, (max-width: 1071px) 543px, 580px\" \/><figcaption class=\"wp-element-caption\">Pileta<\/figcaption><\/figure>\n\n\n\n<figure class=\"wp-block-image size-large\"><img decoding=\"async\" width=\"461\" height=\"1024\" data-id=\"296\"  src=\"https:\/\/fincalargentina.com.ar\/wp-content\/uploads\/2024\/03\/WhatsApp-Image-2024-03-07-at-13.42.11-1-461x1024.jpeg\" alt=\"\" class=\"wp-image-296\" srcset=\"https:\/\/fincalargentina.com.ar\/wp-content\/uploads\/2024\/03\/WhatsApp-Image-2024-03-07-at-13.42.11-1-461x1024.jpeg 461w, https:\/\/fincalargentina.com.ar\/wp-content\/uploads\/2024\/03\/WhatsApp-Image-2024-03-07-at-13.42.11-1-135x300.jpeg 135w, https:\/\/fincalargentina.com.ar\/wp-content\/uploads\/2024\/03\/WhatsApp-Image-2024-03-07-at-13.42.11-1-691x1536.jpeg 691w, https:\/\/fincalargentina.com.ar\/wp-content\/uploads\/2024\/03\/WhatsApp-Image-2024-03-07-at-13.42.11-1.jpeg 720w\" sizes=\"(max-width: 461px) 100vw, 461px\" \/><figcaption class=\"wp-element-caption\">Arboledas<\/figcaption><\/figure>\n\n\n\n<figure class=\"wp-block-image size-large\"><img loading=\"lazy\" decoding=\"async\" width=\"461\" height=\"1024\" data-id=\"295\"  src=\"https:\/\/fincalargentina.com.ar\/wp-content\/uploads\/2024\/03\/WhatsApp-Image-2024-03-07-at-13.42.12-1-461x1024.jpeg\" alt=\"\" class=\"wp-image-295\" srcset=\"https:\/\/fincalargentina.com.ar\/wp-content\/uploads\/2024\/03\/WhatsApp-Image-2024-03-07-at-13.42.12-1-461x1024.jpeg 461w, https:\/\/fincalargentina.com.ar\/wp-content\/uploads\/2024\/03\/WhatsApp-Image-2024-03-07-at-13.42.12-1-135x300.jpeg 135w, https:\/\/fincalargentina.com.ar\/wp-content\/uploads\/2024\/03\/WhatsApp-Image-2024-03-07-at-13.42.12-1-691x1536.jpeg 691w, https:\/\/fincalargentina.com.ar\/wp-content\/uploads\/2024\/03\/WhatsApp-Image-2024-03-07-at-13.42.12-1.jpeg 720w\" sizes=\"(max-width: 461px) 100vw, 461px\" \/><figcaption class=\"wp-element-caption\">Glicinas<\/figcaption><\/figure>\n\n\n\n<figure class=\"wp-block-image size-large\"><img loading=\"lazy\" decoding=\"async\" width=\"461\" height=\"1024\" data-id=\"294\"  src=\"https:\/\/fincalargentina.com.ar\/wp-content\/uploads\/2024\/03\/WhatsApp-Image-2024-03-07-at-13.42.13-461x1024.jpeg\" alt=\"\" class=\"wp-image-294\" srcset=\"https:\/\/fincalargentina.com.ar\/wp-content\/uploads\/2024\/03\/WhatsApp-Image-2024-03-07-at-13.42.13-461x1024.jpeg 461w, https:\/\/fincalargentina.com.ar\/wp-content\/uploads\/2024\/03\/WhatsApp-Image-2024-03-07-at-13.42.13-135x300.jpeg 135w, https:\/\/fincalargentina.com.ar\/wp-content\/uploads\/2024\/03\/WhatsApp-Image-2024-03-07-at-13.42.13-691x1536.jpeg 691w, https:\/\/fincalargentina.com.ar\/wp-content\/uploads\/2024\/03\/WhatsApp-Image-2024-03-07-at-13.42.13.jpeg 720w\" sizes=\"(max-width: 461px) 100vw, 461px\" \/><figcaption class=\"wp-element-caption\">Acequia<\/figcaption><\/figure>\n<\/figure>\n","protected":false},"excerpt":{"rendered":"<p>En Finca La Argentina ofrecemos variedad de opciones para conectar con la naturaleza, con los ciclos de la vida entre acequias, parques, rincones de vegetaci\u00f3n con m\u00e1s de cien especies y el cantar de decenas de p\u00e1jaros para descansar y relajarse.\u00a0 Adem\u00e1s pod\u00e9s vivenciar la experiencia de cosechar en nuestra huerta org\u00e1nica y ser parte &hellip; <\/p>\n<p class=\"link-more\"><a href=\"https:\/\/fincalargentina.com.ar\/?page_id=211\" class=\"more-link\">Segu\u00ed leyendo<span class=\"screen-reader-text\"> &#8220;El Entorno&#8221;<\/span><\/a><\/p>\n","protected":false},"author":1,"featured_media":0,"parent":0,"menu_order":0,"comment_status":"closed","ping_status":"closed","template":"","meta":{"_eb_attr":"","_monsterinsights_skip_tracking":false,"_monsterinsights_sitenote_active":false,"_monsterinsights_sitenote_note":"","_monsterinsights_sitenote_category":0},"yoast_head":"<!-- This site is optimized with the Yoast SEO plugin v21.0 - https:\/\/yoast.com\/wordpress\/plugins\/seo\/ -->\n<title>El Entorno - Finca La Argentina<\/title>\n<meta name=\"robots\" content=\"index, follow, max-snippet:-1, max-image-preview:large, max-video-preview:-1\" \/>\n<link rel=\"canonical\" href=\"https:\/\/fincalargentina.com.ar\/?page_id=211\" \/>\n<meta property=\"og:locale\" content=\"es_ES\" \/>\n<meta property=\"og:type\" content=\"article\" \/>\n<meta property=\"og:title\" content=\"El Entorno - Finca La Argentina\" \/>\n<meta property=\"og:description\" content=\"En Finca La Argentina ofrecemos variedad de opciones para conectar con la naturaleza, con los ciclos de la vida entre acequias, parques, rincones de vegetaci\u00f3n con m\u00e1s de cien especies y el cantar de decenas de p\u00e1jaros para descansar y relajarse.\u00a0 Adem\u00e1s pod\u00e9s vivenciar la experiencia de cosechar en nuestra huerta org\u00e1nica y ser parte &hellip; Segu\u00ed leyendo &quot;El Entorno&quot;\" \/>\n<meta property=\"og:url\" content=\"https:\/\/fincalargentina.com.ar\/?page_id=211\" \/>\n<meta property=\"og:site_name\" content=\"Finca La Argentina\" \/>\n<meta property=\"article:modified_time\" content=\"2024-03-11T14:08:32+00:00\" \/>\n<meta property=\"og:image\" content=\"https:\/\/fincalargentina.com.ar\/wp-content\/uploads\/2024\/03\/bicisenda-576x1024.jpeg\" \/>\n<meta name=\"twitter:card\" content=\"summary_large_image\" \/>\n<meta name=\"twitter:label1\" content=\"Tiempo de lectura\" \/>\n\t<meta name=\"twitter:data1\" content=\"2 minutos\" \/>\n<script type=\"application\/ld+json\" class=\"yoast-schema-graph\">{\"@context\":\"https:\/\/schema.org\",\"@graph\":[{\"@type\":\"WebPage\",\"@id\":\"https:\/\/fincalargentina.com.ar\/?page_id=211\",\"url\":\"https:\/\/fincalargentina.com.ar\/?page_id=211\",\"name\":\"El Entorno - Finca La Argentina\",\"isPartOf\":{\"@id\":\"https:\/\/fincalargentina.com.ar\/#website\"},\"datePublished\":\"2021-02-08T16:10:48+00:00\",\"dateModified\":\"2024-03-11T14:08:32+00:00\",\"breadcrumb\":{\"@id\":\"https:\/\/fincalargentina.com.ar\/?page_id=211#breadcrumb\"},\"inLanguage\":\"es-AR\",\"potentialAction\":[{\"@type\":\"ReadAction\",\"target\":[\"https:\/\/fincalargentina.com.ar\/?page_id=211\"]}]},{\"@type\":\"BreadcrumbList\",\"@id\":\"https:\/\/fincalargentina.com.ar\/?page_id=211#breadcrumb\",\"itemListElement\":[{\"@type\":\"ListItem\",\"position\":1,\"name\":\"Inicio\",\"item\":\"https:\/\/fincalargentina.com.ar\/\"},{\"@type\":\"ListItem\",\"position\":2,\"name\":\"El Entorno\"}]},{\"@type\":\"WebSite\",\"@id\":\"https:\/\/fincalargentina.com.ar\/#website\",\"url\":\"https:\/\/fincalargentina.com.ar\/\",\"name\":\"Finca La Argentina\",\"description\":\"Un destino, el Valle de Uco\",\"publisher\":{\"@id\":\"https:\/\/fincalargentina.com.ar\/#organization\"},\"potentialAction\":[{\"@type\":\"SearchAction\",\"target\":{\"@type\":\"EntryPoint\",\"urlTemplate\":\"https:\/\/fincalargentina.com.ar\/?s={search_term_string}\"},\"query-input\":\"required name=search_term_string\"}],\"inLanguage\":\"es-AR\"},{\"@type\":\"Organization\",\"@id\":\"https:\/\/fincalargentina.com.ar\/#organization\",\"name\":\"Finca La Argentina\",\"url\":\"https:\/\/fincalargentina.com.ar\/\",\"logo\":{\"@type\":\"ImageObject\",\"inLanguage\":\"es-AR\",\"@id\":\"https:\/\/fincalargentina.com.ar\/#\/schema\/logo\/image\/\",\"url\":\"https:\/\/fincalargentina.com.ar\/wp-content\/uploads\/2018\/10\/cropped-FLAWht-2.png\",\"contentUrl\":\"https:\/\/fincalargentina.com.ar\/wp-content\/uploads\/2018\/10\/cropped-FLAWht-2.png\",\"width\":250,\"height\":250,\"caption\":\"Finca La Argentina\"},\"image\":{\"@id\":\"https:\/\/fincalargentina.com.ar\/#\/schema\/logo\/image\/\"}}]}<\/script>\n<!-- \/ Yoast SEO plugin. -->","yoast_head_json":{"title":"El Entorno - Finca La Argentina","robots":{"index":"index","follow":"follow","max-snippet":"max-snippet:-1","max-image-preview":"max-image-preview:large","max-video-preview":"max-video-preview:-1"},"canonical":"https:\/\/fincalargentina.com.ar\/?page_id=211","og_locale":"es_ES","og_type":"article","og_title":"El Entorno - Finca La Argentina","og_description":"En Finca La Argentina ofrecemos variedad de opciones para conectar con la naturaleza, con los ciclos de la vida entre acequias, parques, rincones de vegetaci\u00f3n con m\u00e1s de cien especies y el cantar de decenas de p\u00e1jaros para descansar y relajarse.\u00a0 Adem\u00e1s pod\u00e9s vivenciar la experiencia de cosechar en nuestra huerta org\u00e1nica y ser parte &hellip; Segu\u00ed leyendo \"El Entorno\"","og_url":"https:\/\/fincalargentina.com.ar\/?page_id=211","og_site_name":"Finca La Argentina","article_modified_time":"2024-03-11T14:08:32+00:00","og_image":[{"url":"https:\/\/fincalargentina.com.ar\/wp-content\/uploads\/2024\/03\/bicisenda-576x1024.jpeg"}],"twitter_card":"summary_large_image","twitter_misc":{"Tiempo de lectura":"2 minutos"},"schema":{"@context":"https:\/\/schema.org","@graph":[{"@type":"WebPage","@id":"https:\/\/fincalargentina.com.ar\/?page_id=211","url":"https:\/\/fincalargentina.com.ar\/?page_id=211","name":"El Entorno - Finca La Argentina","isPartOf":{"@id":"https:\/\/fincalargentina.com.ar\/#website"},"datePublished":"2021-02-08T16:10:48+00:00","dateModified":"2024-03-11T14:08:32+00:00","breadcrumb":{"@id":"https:\/\/fincalargentina.com.ar\/?page_id=211#breadcrumb"},"inLanguage":"es-AR","potentialAction":[{"@type":"ReadAction","target":["https:\/\/fincalargentina.com.ar\/?page_id=211"]}]},{"@type":"BreadcrumbList","@id":"https:\/\/fincalargentina.com.ar\/?page_id=211#breadcrumb","itemListElement":[{"@type":"ListItem","position":1,"name":"Inicio","item":"https:\/\/fincalargentina.com.ar\/"},{"@type":"ListItem","position":2,"name":"El Entorno"}]},{"@type":"WebSite","@id":"https:\/\/fincalargentina.com.ar\/#website","url":"https:\/\/fincalargentina.com.ar\/","name":"Finca La Argentina","description":"Un destino, el Valle de Uco","publisher":{"@id":"https:\/\/fincalargentina.com.ar\/#organization"},"potentialAction":[{"@type":"SearchAction","target":{"@type":"EntryPoint","urlTemplate":"https:\/\/fincalargentina.com.ar\/?s={search_term_string}"},"query-input":"required name=search_term_string"}],"inLanguage":"es-AR"},{"@type":"Organization","@id":"https:\/\/fincalargentina.com.ar\/#organization","name":"Finca La Argentina","url":"https:\/\/fincalargentina.com.ar\/","logo":{"@type":"ImageObject","inLanguage":"es-AR","@id":"https:\/\/fincalargentina.com.ar\/#\/schema\/logo\/image\/","url":"https:\/\/fincalargentina.com.ar\/wp-content\/uploads\/2018\/10\/cropped-FLAWht-2.png","contentUrl":"https:\/\/fincalargentina.com.ar\/wp-content\/uploads\/2018\/10\/cropped-FLAWht-2.png","width":250,"height":250,"caption":"Finca La Argentina"},"image":{"@id":"https:\/\/fincalargentina.com.ar\/#\/schema\/logo\/image\/"}}]}},"_links":{"self":[{"href":"https:\/\/fincalargentina.com.ar\/index.php?rest_route=\/wp\/v2\/pages\/211"}],"collection":[{"href":"https:\/\/fincalargentina.com.ar\/index.php?rest_route=\/wp\/v2\/pages"}],"about":[{"href":"https:\/\/fincalargentina.com.ar\/index.php?rest_route=\/wp\/v2\/types\/page"}],"author":[{"embeddable":true,"href":"https:\/\/fincalargentina.com.ar\/index.php?rest_route=\/wp\/v2\/users\/1"}],"replies":[{"embeddable":true,"href":"https:\/\/fincalargentina.com.ar\/index.php?rest_route=%2Fwp%2Fv2%2Fcomments&post=211"}],"version-history":[{"count":5,"href":"https:\/\/fincalargentina.com.ar\/index.php?rest_route=\/wp\/v2\/pages\/211\/revisions"}],"predecessor-version":[{"id":304,"href":"https:\/\/fincalargentina.com.ar\/index.php?rest_route=\/wp\/v2\/pages\/211\/revisions\/304"}],"wp:attachment":[{"href":"https:\/\/fincalargentina.com.ar\/index.php?rest_route=%2Fwp%2Fv2%2Fmedia&parent=211"}],"curies":[{"name":"wp","href":"https:\/\/api.w.org\/{rel}","templated":true}]}}